{"id":15,"date":"2021-09-11T19:00:51","date_gmt":"2021-09-11T19:00:51","guid":{"rendered":"https:\/\/rentalhive.hivepress.io\/?page_id=15"},"modified":"2022-10-26T17:50:23","modified_gmt":"2022-10-26T15:50:23","slug":"properties","status":"publish","type":"page","link":"https:\/\/landbit.me\/en\/properties\/","title":{"rendered":"Properties"},"content":{"rendered":"<form class=\"hp-form--wide hp-form--primary hp-block hp-form hp-form--listing-search\" action=\"https:\/\/landbit.me\/en\" method=\"GET\" data-component=\"form\" data-trp-original-action=\"https:\/\/landbit.me\/en\"><div class=\"hp-form__messages\" data-component=\"messages\"><\/div><div class=\"hp-form__fields\"><input type=\"hidden\" name=\"post_type\" value=\"hp_listing\" class=\"hp-field hp-field--hidden\"><input type=\"hidden\" name=\"latitude\" value=\"\" data-coordinate=\"lat\" class=\"hp-field hp-field--hidden\"><input type=\"hidden\" name=\"longitude\" value=\"\" data-coordinate=\"lng\" class=\"hp-field hp-field--hidden\"><input type=\"hidden\" name=\"_region\" value=\"\" data-region=\"data-region\" class=\"hp-field hp-field--hidden\"><div class=\"hp-form__field hp-form__field--search\"><input type=\"search\" name=\"s\" value=\"\" placeholder=\"Keywords\" maxlength=\"256\" class=\"hp-field hp-field--search\"><\/div><div class=\"hp-form__field hp-form__field--location\"><div data-format=\"\" data-countries=\"[]\" data-component=\"location\" class=\"hp-field hp-field--location\"><input type=\"text\" name=\"location\" value=\"\" autocomplete=\"off\" placeholder=\"Location\" maxlength=\"256\" class=\"hp-field hp-field--text\"><a href=\"#\" title=\"Locate Me\" data-no-translation-title=\"\"><i class=\"hp-icon fas fa-location-arrow\"><\/i><\/a><\/div><\/div><div class=\"hp-form__field hp-form__field--date-range\"><div class=\"hp-field hp-field--date-range\"><div data-mode=\"range\" data-min-length=\"0\" data-format=\"Y-m-d\" data-display-format=\"j \\d\\e F \\d\\e Y\" data-offset=\"0\" data-component=\"date\" class=\"hp-field hp-field--date\"><input type=\"text\" name=\"\" value=\"\" data-input=\"\" placeholder=\"Dates\" minlength=\"0\" class=\"hp-field hp-field--text\" data-no-translation-placeholder=\"\"><a title=\"Clear\" data-clear data-no-translation-title=\"\"><i class=\"hp-icon fas fa-times\"><\/i><\/a><\/div><input type=\"hidden\" name=\"_dates[]\" value=\"\" class=\"hp-field hp-field--hidden\"><input type=\"hidden\" name=\"_dates[]\" value=\"\" class=\"hp-field hp-field--hidden\"><\/div><\/div><div class=\"hp-form__field hp-form__field--select\"><select name=\"_category\" data-component=\"select\" class=\"hp-field hp-field--select\"><option value=\"\">All categories<\/option><option value=\"192\">Temporary Camping<\/option><option value=\"194\">Activities Agriculture<\/option><option value=\"204\">Sport activities<\/option><option value=\"210\">Recreational Meetings<\/option><option value=\"196\">Dog training<\/option><option value=\"198\">Caravan Space<\/option><option value=\"200\">Scheduled Excursions<\/option><option value=\"202\">Temporary Ecological Farms<\/option><option value=\"206\">Social Gatherings<\/option><\/select><\/div><\/div><div class=\"hp-form__footer\"><button type=\"submit\" class=\"hp-form__button button-primary alt button hp-field hp-field--submit\"><span>Search<\/span><\/button><\/div><input type=\"hidden\" name=\"trp-form-language\" value=\"en\"\/><\/form>\n\n\n\n<div class=\"is-layout-flex wp-container-2 wp-block-columns\">\n<div class=\"is-layout-flow wp-block-column\" style=\"flex-basis:100%\"> <div class=\"hp-listings hp-block hp-grid\"><div class=\"hp-row\"><div class=\"hp-grid__item hp-col-sm-4 hp-col-xs-12\"><article class=\"hp-listing hp-listing--view-block\"><header class=\"hp-listing__header\">\t<div class=\"hp-listing__categories hp-listing__category\">\n\t\t\t\t\t<a href=\"https:\/\/landbit.me\/en\/listing-category\/caravan-space\/\">Caravan Space<\/a>\n\t\t\t<\/div>\n\t<div class=\"hp-listing__image\">\n\t<a href=\"https:\/\/landbit.me\/en\/listing\/caravan-pitches-in-cornwall\/\">\n\t\t\t\t\t<img decoding=\"async\" src=\"https:\/\/landbit.me\/wp-content\/uploads\/2023\/05\/beacon-400x300.jpg\" alt=\"Caravan pitches in Cornwall (United Kingdom)\" loading=\"lazy\">\n\t\t\t<\/a>\n<\/div>\n<\/header><div class=\"hp-listing__content\"><h4 class=\"hp-listing__title\"><a href=\"https:\/\/landbit.me\/en\/listing\/caravan-pitches-in-cornwall\/\">Caravan pitches in Cornwall (United Kingdom)<\/a>\n<\/h4><div class=\"hp-listing__details hp-listing__details--primary\">\t<div class=\"hp-listing__location\">\n\t\t<i class=\"hp-icon fas fa-map-marker-alt\"><\/i>\n\t\t\t\t\t<a href=\"https:\/\/www.google.com\/maps\/search\/?api=1&#038;query=55.378051,-3.435973\" target=\"_blank\">Reino Unido<\/a>\n\t\t\t<\/div>\n\t<time class=\"hp-listing__created-date hp-listing__date hp-meta\" datetime=\"2023-05-30 11:58:16\">\n\tA\u00f1adido el 30 de May de 2023<\/time>\n<\/div><div class=\"hp-block hp-listing__attributes hp-listing__attributes--secondary\" data-block=\"listing_attributes_secondary\"><div class=\"hp-row\"><div class=\"hp-col-lg-6 hp-col-xs-12\"><div class=\"hp-listing__attribute hp-listing__attribute--tiempo-cancelacion\"><i class=\"hp-icon fas fa-fw fa-book-dead\"><\/i> <strong>Cancellation<\/strong>: 15 days<\/div><\/div><div class=\"hp-col-lg-6 hp-col-xs-12\"><div class=\"hp-listing__attribute hp-listing__attribute--square-footage\"><i class=\"hp-icon fas fa-fw fa-th-large\"><\/i> <strong>M2.<\/strong>: 1,000<\/div><\/div><div class=\"hp-col-lg-6 hp-col-xs-12\"><div class=\"hp-listing__attribute hp-listing__attribute--pets\"><i class=\"hp-icon fas fa-fw fa-paw\"><\/i> <strong>Pets<\/strong>: Avalaible<\/div><\/div><\/div><\/div><\/div><footer class=\"hp-listing__footer\"><div class=\"hp-block hp-listing__attributes hp-listing__attributes--primary\" data-block=\"listing_attributes_primary\"><div class=\"hp-listing__attribute hp-listing__attribute--price\" data-no-translation=\"\" data-trp-gettext=\"\">85,00&nbsp;&euro; \/ day<\/div><\/div><div class=\"hp-listing__actions hp-listing__actions--primary\"><a href=\"#user_login_modal\" title=\"Send a message\" class=\"hp-listing__action hp-listing__action--message\"><i class=\"hp-icon fas fa-comment\"><\/i><\/a>\n<a class=\"hp-listing__action hp-listing__action--favorite\" href=\"#user_login_modal\"><i class=\"hp-icon fas fa-heart\"><\/i><\/a><\/div><\/footer><\/article><\/div><div class=\"hp-grid__item hp-col-sm-4 hp-col-xs-12\"><article class=\"hp-listing hp-listing--view-block\"><header class=\"hp-listing__header\">\t<div class=\"hp-listing__categories hp-listing__category\">\n\t\t\t\t\t<a href=\"https:\/\/landbit.me\/en\/listing-category\/dog-training\/\">Dog training<\/a>\n\t\t\t<\/div>\n\t<div class=\"hp-listing__image\">\n\t<a href=\"https:\/\/landbit.me\/en\/listing\/dog-training-facility-in-birmingham\/\">\n\t\t\t\t\t<img decoding=\"async\" src=\"https:\/\/landbit.me\/wp-content\/uploads\/2023\/05\/we-talk-dog-adam-summerford-kalyn-trichell-2011jpg-79a51c786211356b-400x300.jpg\" alt=\"Dog training facility in Birmingham (United Kingdom)\" loading=\"lazy\">\n\t\t\t<\/a>\n<\/div>\n<\/header><div class=\"hp-listing__content\"><h4 class=\"hp-listing__title\"><a href=\"https:\/\/landbit.me\/en\/listing\/dog-training-facility-in-birmingham\/\">Dog training facility in Birmingham (United Kingdom)<\/a>\n<\/h4><div class=\"hp-listing__details hp-listing__details--primary\">\t<div class=\"hp-listing__location\">\n\t\t<i class=\"hp-icon fas fa-map-marker-alt\"><\/i>\n\t\t\t\t\t<a href=\"https:\/\/www.google.com\/maps\/search\/?api=1&#038;query=51.507218,-0.127586\" target=\"_blank\">Londres, Reino Unido<\/a>\n\t\t\t<\/div>\n\t<time class=\"hp-listing__created-date hp-listing__date hp-meta\" datetime=\"2023-05-30 11:57:07\">\n\tA\u00f1adido el 30 de May de 2023<\/time>\n<\/div><div class=\"hp-block hp-listing__attributes hp-listing__attributes--secondary\" data-block=\"listing_attributes_secondary\"><div class=\"hp-row\"><div class=\"hp-col-lg-6 hp-col-xs-12\"><div class=\"hp-listing__attribute hp-listing__attribute--tiempo-cancelacion\"><i class=\"hp-icon fas fa-fw fa-book-dead\"><\/i> <strong>Cancellation<\/strong>: 15 days<\/div><\/div><div class=\"hp-col-lg-6 hp-col-xs-12\"><div class=\"hp-listing__attribute hp-listing__attribute--square-footage\"><i class=\"hp-icon fas fa-fw fa-th-large\"><\/i> <strong>M2.<\/strong>: 1,000<\/div><\/div><div class=\"hp-col-lg-6 hp-col-xs-12\"><div class=\"hp-listing__attribute hp-listing__attribute--pets\"><i class=\"hp-icon fas fa-fw fa-paw\"><\/i> <strong>Pets<\/strong>: Avalaible<\/div><\/div><\/div><\/div><\/div><footer class=\"hp-listing__footer\"><div class=\"hp-block hp-listing__attributes hp-listing__attributes--primary\" data-block=\"listing_attributes_primary\"><div class=\"hp-listing__attribute hp-listing__attribute--price\" data-no-translation=\"\" data-trp-gettext=\"\">75,00&nbsp;&euro; \/ day<\/div><\/div><div class=\"hp-listing__actions hp-listing__actions--primary\"><a href=\"#user_login_modal\" title=\"Send a message\" class=\"hp-listing__action hp-listing__action--message\"><i class=\"hp-icon fas fa-comment\"><\/i><\/a>\n<a class=\"hp-listing__action hp-listing__action--favorite\" href=\"#user_login_modal\"><i class=\"hp-icon fas fa-heart\"><\/i><\/a><\/div><\/footer><\/article><\/div><div class=\"hp-grid__item hp-col-sm-4 hp-col-xs-12\"><article class=\"hp-listing hp-listing--view-block\"><header class=\"hp-listing__header\">\t<div class=\"hp-listing__categories hp-listing__category\">\n\t\t\t\t\t<a href=\"https:\/\/landbit.me\/en\/listing-category\/sport-activities\/\">Sport activities<\/a>\n\t\t\t<\/div>\n\t<div class=\"hp-listing__image\">\n\t<a href=\"https:\/\/landbit.me\/en\/listing\/sports-and-recreation-grounds-in-manchester\/\">\n\t\t\t\t\t<img decoding=\"async\" src=\"https:\/\/landbit.me\/wp-content\/uploads\/2023\/05\/0_Bury-400x300.jpg\" alt=\"Sports and recreation grounds in Manchester (United Kingdom)\" loading=\"lazy\">\n\t\t\t<\/a>\n<\/div>\n<\/header><div class=\"hp-listing__content\"><h4 class=\"hp-listing__title\"><a href=\"https:\/\/landbit.me\/en\/listing\/sports-and-recreation-grounds-in-manchester\/\">Sports and recreation grounds in Manchester (United Kingdom)<\/a>\n<\/h4><div class=\"hp-listing__details hp-listing__details--primary\">\t<div class=\"hp-listing__location\">\n\t\t<i class=\"hp-icon fas fa-map-marker-alt\"><\/i>\n\t\t\t\t\t<a href=\"https:\/\/www.google.com\/maps\/search\/?api=1&#038;query=51.507218,-0.127586\" target=\"_blank\">Londres, Reino Unido<\/a>\n\t\t\t<\/div>\n\t<time class=\"hp-listing__created-date hp-listing__date hp-meta\" datetime=\"2023-05-30 11:55:55\">\n\tA\u00f1adido el 30 de May de 2023<\/time>\n<\/div><div class=\"hp-block hp-listing__attributes hp-listing__attributes--secondary\" data-block=\"listing_attributes_secondary\"><div class=\"hp-row\"><div class=\"hp-col-lg-6 hp-col-xs-12\"><div class=\"hp-listing__attribute hp-listing__attribute--tiempo-cancelacion\"><i class=\"hp-icon fas fa-fw fa-book-dead\"><\/i> <strong>Cancellation<\/strong>: 15 days<\/div><\/div><div class=\"hp-col-lg-6 hp-col-xs-12\"><div class=\"hp-listing__attribute hp-listing__attribute--square-footage\"><i class=\"hp-icon fas fa-fw fa-th-large\"><\/i> <strong>M2.<\/strong>: 1,000<\/div><\/div><div class=\"hp-col-lg-6 hp-col-xs-12\"><div class=\"hp-listing__attribute hp-listing__attribute--pets\"><i class=\"hp-icon fas fa-fw fa-paw\"><\/i> <strong>Pets<\/strong>: Avalaible<\/div><\/div><\/div><\/div><\/div><footer class=\"hp-listing__footer\"><div class=\"hp-block hp-listing__attributes hp-listing__attributes--primary\" data-block=\"listing_attributes_primary\"><div class=\"hp-listing__attribute hp-listing__attribute--price\" data-no-translation=\"\" data-trp-gettext=\"\">95,00&nbsp;&euro; \/ day<\/div><\/div><div class=\"hp-listing__actions hp-listing__actions--primary\"><a href=\"#user_login_modal\" title=\"Send a message\" class=\"hp-listing__action hp-listing__action--message\"><i class=\"hp-icon fas fa-comment\"><\/i><\/a>\n<a class=\"hp-listing__action hp-listing__action--favorite\" href=\"#user_login_modal\"><i class=\"hp-icon fas fa-heart\"><\/i><\/a><\/div><\/footer><\/article><\/div><div class=\"hp-grid__item hp-col-sm-4 hp-col-xs-12\"><article class=\"hp-listing hp-listing--view-block\"><header class=\"hp-listing__header\">\t<div class=\"hp-listing__categories hp-listing__category\">\n\t\t\t\t\t<a href=\"https:\/\/landbit.me\/en\/listing-category\/temporary-ecological-farms\/\">Temporary Ecological Farms<\/a>\n\t\t\t<\/div>\n\t<div class=\"hp-listing__image\">\n\t<a href=\"https:\/\/landbit.me\/en\/listing\/organic-farm-in-the-scottish-highlands\/\">\n\t\t\t\t\t<img decoding=\"async\" src=\"https:\/\/landbit.me\/wp-content\/uploads\/2023\/05\/killiehuntly-farmhouse-scotland-exterior-greenhouse-1536x1066-1-400x300.jpg\" alt=\"Organic farm in the Scottish Highlands (United Kingdom)\" loading=\"lazy\">\n\t\t\t<\/a>\n<\/div>\n<\/header><div class=\"hp-listing__content\"><h4 class=\"hp-listing__title\"><a href=\"https:\/\/landbit.me\/en\/listing\/organic-farm-in-the-scottish-highlands\/\">Organic farm in the Scottish Highlands (United Kingdom)<\/a>\n<\/h4><div class=\"hp-listing__details hp-listing__details--primary\">\t<div class=\"hp-listing__location\">\n\t\t<i class=\"hp-icon fas fa-map-marker-alt\"><\/i>\n\t\t\t\t\t<a href=\"https:\/\/www.google.com\/maps\/search\/?api=1&#038;query=51.507218,-0.127586\" target=\"_blank\">Londres, Reino Unido<\/a>\n\t\t\t<\/div>\n\t<time class=\"hp-listing__created-date hp-listing__date hp-meta\" datetime=\"2023-05-30 11:53:50\">\n\tA\u00f1adido el 30 de May de 2023<\/time>\n<\/div><div class=\"hp-block hp-listing__attributes hp-listing__attributes--secondary\" data-block=\"listing_attributes_secondary\"><div class=\"hp-row\"><div class=\"hp-col-lg-6 hp-col-xs-12\"><div class=\"hp-listing__attribute hp-listing__attribute--tiempo-cancelacion\"><i class=\"hp-icon fas fa-fw fa-book-dead\"><\/i> <strong>Cancellation<\/strong>: 15 days<\/div><\/div><div class=\"hp-col-lg-6 hp-col-xs-12\"><div class=\"hp-listing__attribute hp-listing__attribute--square-footage\"><i class=\"hp-icon fas fa-fw fa-th-large\"><\/i> <strong>M2.<\/strong>: 1,000<\/div><\/div><div class=\"hp-col-lg-6 hp-col-xs-12\"><div class=\"hp-listing__attribute hp-listing__attribute--pets\"><i class=\"hp-icon fas fa-fw fa-paw\"><\/i> <strong>Pets<\/strong>: Avalaible<\/div><\/div><\/div><\/div><\/div><footer class=\"hp-listing__footer\"><div class=\"hp-block hp-listing__attributes hp-listing__attributes--primary\" data-block=\"listing_attributes_primary\"><div class=\"hp-listing__attribute hp-listing__attribute--price\" data-no-translation=\"\" data-trp-gettext=\"\">74,00&nbsp;&euro; \/ day<\/div><\/div><div class=\"hp-listing__actions hp-listing__actions--primary\"><a href=\"#user_login_modal\" title=\"Send a message\" class=\"hp-listing__action hp-listing__action--message\"><i class=\"hp-icon fas fa-comment\"><\/i><\/a>\n<a class=\"hp-listing__action hp-listing__action--favorite\" href=\"#user_login_modal\"><i class=\"hp-icon fas fa-heart\"><\/i><\/a><\/div><\/footer><\/article><\/div><div class=\"hp-grid__item hp-col-sm-4 hp-col-xs-12\"><article class=\"hp-listing hp-listing--view-block\"><header class=\"hp-listing__header\">\t<div class=\"hp-listing__categories hp-listing__category\">\n\t\t\t\t\t<a href=\"https:\/\/landbit.me\/en\/listing-category\/temporary-camping\/\">Temporary Camping<\/a>\n\t\t\t<\/div>\n\t<div class=\"hp-listing__image\">\n\t<a href=\"https:\/\/landbit.me\/en\/listing\/campsite-near-london\/\">\n\t\t\t\t\t<img decoding=\"async\" src=\"https:\/\/landbit.me\/wp-content\/uploads\/2023\/05\/scale-400x300.jpeg\" alt=\"Campsite near London (United Kingdom)\" loading=\"lazy\">\n\t\t\t<\/a>\n<\/div>\n<\/header><div class=\"hp-listing__content\"><h4 class=\"hp-listing__title\"><a href=\"https:\/\/landbit.me\/en\/listing\/campsite-near-london\/\">Campsite near London (United Kingdom)<\/a>\n<\/h4><div class=\"hp-listing__details hp-listing__details--primary\">\t<div class=\"hp-listing__location\">\n\t\t<i class=\"hp-icon fas fa-map-marker-alt\"><\/i>\n\t\t\t\t\t<a href=\"https:\/\/www.google.com\/maps\/search\/?api=1&#038;query=51.507218,-0.127586\" target=\"_blank\">Londres, Reino Unido<\/a>\n\t\t\t<\/div>\n\t<time class=\"hp-listing__created-date hp-listing__date hp-meta\" datetime=\"2023-05-30 11:52:38\">\n\tA\u00f1adido el 30 de May de 2023<\/time>\n<\/div><div class=\"hp-block hp-listing__attributes hp-listing__attributes--secondary\" data-block=\"listing_attributes_secondary\"><div class=\"hp-row\"><div class=\"hp-col-lg-6 hp-col-xs-12\"><div class=\"hp-listing__attribute hp-listing__attribute--tiempo-cancelacion\"><i class=\"hp-icon fas fa-fw fa-book-dead\"><\/i> <strong>Cancellation<\/strong>: 15 days<\/div><\/div><div class=\"hp-col-lg-6 hp-col-xs-12\"><div class=\"hp-listing__attribute hp-listing__attribute--square-footage\"><i class=\"hp-icon fas fa-fw fa-th-large\"><\/i> <strong>M2.<\/strong>: 1,000<\/div><\/div><div class=\"hp-col-lg-6 hp-col-xs-12\"><div class=\"hp-listing__attribute hp-listing__attribute--pets\"><i class=\"hp-icon fas fa-fw fa-paw\"><\/i> <strong>Pets<\/strong>: Avalaible<\/div><\/div><\/div><\/div><\/div><footer class=\"hp-listing__footer\"><div class=\"hp-block hp-listing__attributes hp-listing__attributes--primary\" data-block=\"listing_attributes_primary\"><div class=\"hp-listing__attribute hp-listing__attribute--price\" data-no-translation=\"\" data-trp-gettext=\"\">73,00&nbsp;&euro; \/ day<\/div><\/div><div class=\"hp-listing__actions hp-listing__actions--primary\"><a href=\"#user_login_modal\" title=\"Send a message\" class=\"hp-listing__action hp-listing__action--message\"><i class=\"hp-icon fas fa-comment\"><\/i><\/a>\n<a class=\"hp-listing__action hp-listing__action--favorite\" href=\"#user_login_modal\"><i class=\"hp-icon fas fa-heart\"><\/i><\/a><\/div><\/footer><\/article><\/div><div class=\"hp-grid__item hp-col-sm-4 hp-col-xs-12\"><article class=\"hp-listing hp-listing--view-block\"><header class=\"hp-listing__header\">\t<div class=\"hp-listing__categories hp-listing__category\">\n\t\t\t\t\t<a href=\"https:\/\/landbit.me\/en\/listing-category\/caravan-space\/\">Caravan Space<\/a>\n\t\t\t<\/div>\n\t<div class=\"hp-listing__image\">\n\t<a href=\"https:\/\/landbit.me\/en\/listing\/caravan-stellplatze-in-der-nahe-von-munchen\/\">\n\t\t\t\t\t<img decoding=\"async\" src=\"https:\/\/landbit.me\/wp-content\/uploads\/2023\/05\/Campingplatz_Munchen_Obermenzing_Stellplatze-400x300.jpeg\" alt=\"Caravan-Stellpl\u00e4tze in der N\u00e4he von M\u00fcnchen (German)\" loading=\"lazy\">\n\t\t\t<\/a>\n<\/div>\n<\/header><div class=\"hp-listing__content\"><h4 class=\"hp-listing__title\"><a href=\"https:\/\/landbit.me\/en\/listing\/caravan-stellplatze-in-der-nahe-von-munchen\/\">Caravan-Stellpl\u00e4tze in der N\u00e4he von M\u00fcnchen (German)<\/a>\n<\/h4><div class=\"hp-listing__details hp-listing__details--primary\">\t<div class=\"hp-listing__location\">\n\t\t<i class=\"hp-icon fas fa-map-marker-alt\"><\/i>\n\t\t\t\t\t<a href=\"https:\/\/www.google.com\/maps\/search\/?api=1&#038;query=51.165691,10.451526\" target=\"_blank\">Germany<\/a>\n\t\t\t<\/div>\n\t<time class=\"hp-listing__created-date hp-listing__date hp-meta\" datetime=\"2023-05-30 11:50:48\">\n\tA\u00f1adido el 30 de May de 2023<\/time>\n<\/div><div class=\"hp-block hp-listing__attributes hp-listing__attributes--secondary\" data-block=\"listing_attributes_secondary\"><div class=\"hp-row\"><div class=\"hp-col-lg-6 hp-col-xs-12\"><div class=\"hp-listing__attribute hp-listing__attribute--tiempo-cancelacion\"><i class=\"hp-icon fas fa-fw fa-book-dead\"><\/i> <strong>Cancellation<\/strong>: 15 days<\/div><\/div><div class=\"hp-col-lg-6 hp-col-xs-12\"><div class=\"hp-listing__attribute hp-listing__attribute--square-footage\"><i class=\"hp-icon fas fa-fw fa-th-large\"><\/i> <strong>M2.<\/strong>: 999<\/div><\/div><div class=\"hp-col-lg-6 hp-col-xs-12\"><div class=\"hp-listing__attribute hp-listing__attribute--pets\"><i class=\"hp-icon fas fa-fw fa-paw\"><\/i> <strong>Pets<\/strong>: Avalaible<\/div><\/div><\/div><\/div><\/div><footer class=\"hp-listing__footer\"><div class=\"hp-block hp-listing__attributes hp-listing__attributes--primary\" data-block=\"listing_attributes_primary\"><div class=\"hp-listing__attribute hp-listing__attribute--price\" data-no-translation=\"\" data-trp-gettext=\"\">80,00&nbsp;&euro; \/ day<\/div><\/div><div class=\"hp-listing__actions hp-listing__actions--primary\"><a href=\"#user_login_modal\" title=\"Send a message\" class=\"hp-listing__action hp-listing__action--message\"><i class=\"hp-icon fas fa-comment\"><\/i><\/a>\n<a class=\"hp-listing__action hp-listing__action--favorite\" href=\"#user_login_modal\"><i class=\"hp-icon fas fa-heart\"><\/i><\/a><\/div><\/footer><\/article><\/div><\/div><\/div><\/div>\n<\/div>","protected":false},"excerpt":{"rendered":"","protected":false},"author":1,"featured_media":0,"parent":0,"menu_order":0,"comment_status":"closed","ping_status":"closed","template":"","meta":{"om_disable_all_campaigns":false,"_mi_skip_tracking":false},"aioseo_notices":[],"_links":{"self":[{"href":"https:\/\/landbit.me\/en\/wp-json\/wp\/v2\/pages\/15"}],"collection":[{"href":"https:\/\/landbit.me\/en\/wp-json\/wp\/v2\/pages"}],"about":[{"href":"https:\/\/landbit.me\/en\/wp-json\/wp\/v2\/types\/page"}],"author":[{"embeddable":true,"href":"https:\/\/landbit.me\/en\/wp-json\/wp\/v2\/users\/1"}],"replies":[{"embeddable":true,"href":"https:\/\/landbit.me\/en\/wp-json\/wp\/v2\/comments?post=15"}],"version-history":[{"count":3,"href":"https:\/\/landbit.me\/en\/wp-json\/wp\/v2\/pages\/15\/revisions"}],"predecessor-version":[{"id":470,"href":"https:\/\/landbit.me\/en\/wp-json\/wp\/v2\/pages\/15\/revisions\/470"}],"wp:attachment":[{"href":"https:\/\/landbit.me\/en\/wp-json\/wp\/v2\/media?parent=15"}],"curies":[{"name":"wp","href":"https:\/\/api.w.org\/{rel}","templated":true}]}}